{"id":1955,"date":"2021-11-23T17:03:33","date_gmt":"2021-11-23T17:03:33","guid":{"rendered":"https:\/\/abgluxurycar.com\/web\/?page_id=1955"},"modified":"2024-03-12T03:21:09","modified_gmt":"2024-03-12T03:21:09","slug":"detallado","status":"publish","type":"page","link":"https:\/\/abgluxurycar.com\/web\/detallado\/","title":{"rendered":"Detallado automotriz"},"content":{"rendered":"<div style='height:100px' class='hr hr-invisible '><span class='hr-inner ' ><span class='hr-inner-style'><\/span><\/span><\/div>\n<div style='padding-bottom:20px;' class='av-special-heading av-special-heading-h1  blockquote modern-quote modern-centered  '><h1 class='av-special-heading-tag'  itemprop=\"headline\"  >DETALLADO AUTOMOTRIZ PROFESIONAL<\/h1><div class='special-heading-border'><div class='special-heading-inner-border' ><\/div><\/div><\/div>\n<div class=\"flex_column av_one_full  flex_column_div av-zero-column-padding first  \" style='border-radius:0px; '><section class=\"av_textblock_section\"  itemscope=\"itemscope\" itemtype=\"https:\/\/schema.org\/CreativeWork\" ><div class='avia_textblock '   itemprop=\"text\" ><p>Entendemos que no se trata solo de tener un auto, sino de mantenerlo en perfectas condiciones, tanto en su interior como en su exterior. En nuestro centro de detalle, ofrecemos un tratamiento completo tipo spa para tu autom\u00f3vil, utilizando productos de la m\u00e1s alta calidad, incluyendo la reconocida marca 3M Premium y la vanguardista nano tecnolog\u00eda alemana. Ya sea que tu veh\u00edculo sea de alta gama o no, nos comprometemos a brindar un servicio profesional impecable, conscientes de la importancia que tu auto tiene para ti. En nuestras manos, tu veh\u00edculo experimentar\u00e1 un cuidado excepcional que resalta su belleza y prolonga su vida \u00fatil. Conf\u00eda en nosotros para mantener tu auto en estado impecable y reflejar el nivel de compromiso que tenemos con la calidad y el detalle.<\/p>\n<\/div><\/section><\/div>\n<div class=\"flex_column av_one_full  flex_column_div av-zero-column-padding first  \" style='border-radius:0px; '><div class='avia-image-container  av-styling-   avia-align-center '  itemscope=\"itemscope\" itemtype=\"https:\/\/schema.org\/ImageObject\"  ><div class='avia-image-container-inner'><img class='avia_image ' src='https:\/\/abgluxurycar.com\/web\/wp-content\/uploads\/2024\/02\/IMG_9787-1210x423-3.jpeg' alt='' title='IMG_9787-1210x423'   itemprop=\"thumbnailUrl\"  \/><\/div><\/div><\/div>\n<div style='height:150px' class='hr hr-invisible '><span class='hr-inner ' ><span class='hr-inner-style'><\/span><\/span><\/div>\n<div class=\"flex_column av_one_third  flex_column_div av-zero-column-padding first  \" style='border-radius:0px; '><article class=\"iconbox iconbox_top main_color   \"  itemscope=\"itemscope\" itemtype=\"https:\/\/schema.org\/CreativeWork\" ><div class=\"iconbox_content\"><header class=\"entry-content-header\"><div class=\"iconbox_icon heading-color\" aria-hidden='true' data-av_icon='\ue812' data-av_iconfont='entypo-fontello'  style='background-color:#29d602; color:#ffffff; ' ><\/div><h3 class='iconbox_content_title'  itemprop=\"headline\"  >PAQUETE 1<\/h3><\/header><div class='iconbox_content_container '  itemprop=\"text\"  ><p style=\"text-align: center;\">Lavado: Limpieza sencilla de rines y tolvas, lavado de carrocer\u00eda, limpieza sencilla de pl\u00e1sticos interiores y aspirado.<\/p>\n<h3 style=\"text-align: center;\">$ 250 mxn<\/h3>\n<\/div><\/div><footer class=\"entry-footer\"><\/footer><\/article><\/div>\n<div class=\"flex_column av_one_third  flex_column_div av-zero-column-padding   \" style='border-radius:0px; '><article class=\"iconbox iconbox_top main_color   \"  itemscope=\"itemscope\" itemtype=\"https:\/\/schema.org\/CreativeWork\" ><div class=\"iconbox_content\"><header class=\"entry-content-header\"><div class=\"iconbox_icon heading-color\" aria-hidden='true' data-av_icon='\ue812' data-av_iconfont='entypo-fontello'  style='background-color:#29d602; color:#ffffff; ' ><\/div><h3 class='iconbox_content_title'  itemprop=\"headline\"  >PAQUETE 2<\/h3><\/header><div class='iconbox_content_container '  itemprop=\"text\"  ><p style=\"text-align: center;\">Encerado: Limpieza profunda de rines y tolvas, lavado y descontaminado de carrocer\u00eda, eliminaci\u00f3n de sarro exterior, aspirado, limpieza sencilla de pl\u00e1sticos interiores y lubricaci\u00f3n de pl\u00e1sticos interiores y exteriores (cera liquida\/spray).<\/p>\n<h3 style=\"text-align: center;\">$850 mxn<\/h3>\n<\/div><\/div><footer class=\"entry-footer\"><\/footer><\/article><\/div>\n<div class=\"flex_column av_one_third  flex_column_div av-zero-column-padding   \" style='border-radius:0px; '><article class=\"iconbox iconbox_top main_color   \"  itemscope=\"itemscope\" itemtype=\"https:\/\/schema.org\/CreativeWork\" ><div class=\"iconbox_content\"><header class=\"entry-content-header\"><div class=\"iconbox_icon heading-color\" aria-hidden='true' data-av_icon='\ue812' data-av_iconfont='entypo-fontello'  style='background-color:#29d602; color:#ffffff; ' ><\/div><h3 class='iconbox_content_title'  itemprop=\"headline\"  >PAQUETE 3<\/h3><\/header><div class='iconbox_content_container '  itemprop=\"text\"  ><p>Pulido en 3 pasos: Limpieza profunda de rines y tolvas, lavado y lubricado de motor, lavado y descontaminado de carrocer\u00eda, eliminaci\u00f3n de sarro exterior y marcos, pulido acabado cristal, abrillantado y encerado, aspirado, limpieza sencilla de pl\u00e1sticos interiores.<\/p>\n<h3>$2,499 mxn<\/h3>\n<\/div><\/div><footer class=\"entry-footer\"><\/footer><\/article><\/div>\n<div style='height:50px' class='hr hr-invisible '><span class='hr-inner ' ><span class='hr-inner-style'><\/span><\/span><\/div>\n<div class=\"flex_column av_one_third  flex_column_div av-zero-column-padding first  \" style='border-radius:0px; '><article class=\"iconbox iconbox_top main_color   \"  itemscope=\"itemscope\" itemtype=\"https:\/\/schema.org\/CreativeWork\" ><div class=\"iconbox_content\"><header class=\"entry-content-header\"><div class=\"iconbox_icon heading-color\" aria-hidden='true' data-av_icon='\ue812' data-av_iconfont='entypo-fontello'  style='background-color:#29d602; color:#ffffff; ' ><\/div><h3 class='iconbox_content_title'  itemprop=\"headline\"  >PAQUETE 4<\/h3><\/header><div class='iconbox_content_container '  itemprop=\"text\"  ><p style=\"text-align: center;\">Lavado de interiores: Limpieza profunda de rines y tolvas, lavado y descontaminado de carrocer\u00eda, eliminaci\u00f3n de sarro exterior y marcos, limpieza de ciclo y cinturones, lavado de asientos, lavado de alfombra y tapetes de tela, limpieza profunda de pl\u00e1sticos\u00a0 interiores, limpieza profunda de cajuela y reparaciones, lubricaci\u00f3n especial para pl\u00e1sticos interiores, cera express.<\/p>\n<h3 style=\"text-align: center;\">$1,899 mxn<\/h3>\n<\/div><\/div><footer class=\"entry-footer\"><\/footer><\/article><\/div>\n<div class=\"flex_column av_one_third  flex_column_div av-zero-column-padding   \" style='border-radius:0px; '><article class=\"iconbox iconbox_top main_color   \"  itemscope=\"itemscope\" itemtype=\"https:\/\/schema.org\/CreativeWork\" ><div class=\"iconbox_content\"><header class=\"entry-content-header\"><div class=\"iconbox_icon heading-color\" aria-hidden='true' data-av_icon='\ue812' data-av_iconfont='entypo-fontello'  style='background-color:#29d602; color:#ffffff; ' ><\/div><h3 class='iconbox_content_title'  itemprop=\"headline\"  >PAQUETE 5<\/h3><\/header><div class='iconbox_content_container '  itemprop=\"text\"  ><p style=\"text-align: center;\">Correcci\u00f3n de pintura: Limpieza profunda de rines y tolvas, lavado de motor, lavado y descontaminado de carrocer\u00eda, eliminaci\u00f3n de sarro exterior y marcos,\u00a0 desmanchado de cristales, eliminaci\u00f3n de rayas profundas al 90%, pulido acabado cristal, abrillantado, encerado, sellado de (3 meses) brillo, aspirado, limpieza sencilla de pl\u00e1sticos interiores, lubricaci\u00f3n de pl\u00e1sticos interiores.<\/p>\n<h3 style=\"text-align: center;\">$3,499 mxn<\/h3>\n<\/div><\/div><footer class=\"entry-footer\"><\/footer><\/article><\/div>\n<div class=\"flex_column av_one_third  flex_column_div av-zero-column-padding   \" style='border-radius:0px; '><article class=\"iconbox iconbox_top main_color   \"  itemscope=\"itemscope\" itemtype=\"https:\/\/schema.org\/CreativeWork\" ><div class=\"iconbox_content\"><header class=\"entry-content-header\"><div class=\"iconbox_icon heading-color\" aria-hidden='true' data-av_icon='\ue812' data-av_iconfont='entypo-fontello'  style='background-color:#29d602; color:#ffffff; ' ><\/div><h3 class='iconbox_content_title'  itemprop=\"headline\"  >PAQUETE 6<\/h3><\/header><div class='iconbox_content_container '  itemprop=\"text\"  ><p style=\"text-align: center;\">Detallado general: Correcci\u00f3n de pintura, lavado de interiores, paquete 4 y 5.<\/p>\n<h3 style=\"text-align: center;\">$4,990 mxn<\/h3>\n<\/div><\/div><footer class=\"entry-footer\"><\/footer><\/article><\/div>\n<div style='height:150px' class='hr hr-invisible '><span class='hr-inner ' ><span class='hr-inner-style'><\/span><\/span><\/div>\n<div style='padding-bottom:20px;' class='av-special-heading av-special-heading-h2  blockquote modern-quote modern-centered  '><h2 class='av-special-heading-tag'  itemprop=\"headline\"  >SERVICIOS ADICIONALES A CUALQUIER PAQUETE:<\/h2><div class='special-heading-border'><div class='special-heading-inner-border' ><\/div><\/div><\/div>\n<div style=' margin-top:10px; margin-bottom:30px;'  class='hr hr-custom hr-center hr-icon-no '><span class='hr-inner   inner-border-av-border-fat' style=' width:650px; border-color:#b52424;' ><span class='hr-inner-style'><\/span><\/span><\/div>\n<\/div><\/div><\/div><!-- close content main div --><\/div><\/div><div id='av-layout-grid-1' class='av-layout-grid-container entry-content-wrapper main_color av-flex-cells  container_wrap fullsize'   >\n<div class=\"flex_cell no_margin av_one_half   \" ><div class='flex_cell_inner' ><p><div class=\"flex_column av_two_third  flex_column_div av-zero-column-padding first  \" style='border-radius:0px; '><\/div><div class=\"flex_column av_one_third  flex_column_div av-zero-column-padding   \" style='border-radius:0px; '><section class=\"av_textblock_section\"  itemscope=\"itemscope\" itemtype=\"https:\/\/schema.org\/CreativeWork\" ><div class='avia_textblock '   itemprop=\"text\" ><ul>\n<li>Lavado de motor. $190 mxn<\/li>\n<li>Pulido de faros. $300 mxn<\/li>\n<li>Desmanchado de cristales $400 mxn<\/li>\n<li>Descontaminado $300 mxn<\/li>\n<li>Eliminaci\u00f3n de sarro $300 mxn<\/li>\n<li>Limpieza profunda de rines y tolvas $150 mxn<\/li>\n<li>Cera express $250 mxn<\/li>\n<\/ul>\n<\/div><\/section><\/div><\/p>\n<\/div><\/div><div class=\"flex_cell no_margin av_one_half   \" ><div class='flex_cell_inner' ><div class=\"flex_column av_one_half  flex_column_div av-zero-column-padding first  \" style='border-radius:0px; '><section class=\"av_textblock_section\"  itemscope=\"itemscope\" itemtype=\"https:\/\/schema.org\/CreativeWork\" ><div class='avia_textblock '   itemprop=\"text\" ><ul>\n<li>Nanotecnolog\u00eda (sellado de brillo) $2,000 mxn<\/li>\n<li>Abrillantado sin pulir $500 mxn<\/li>\n<li>Lavado solo asientos $800 mxn<\/li>\n<li>Lavado solo de alfombra $700 mxn<\/li>\n<li>Lavado solo de alfombra $700 mxn<\/li>\n<li>Limpieza de cielo y cinturones $500 mxn<\/li>\n<li>Lavado profundo de cajuela $500 mxn<\/li>\n<\/ul>\n<\/div><\/section><\/div>\n<\/div><\/div>\n<\/div>\n<div style='height:150px' class='hr hr-invisible '><span class='hr-inner ' ><span class='hr-inner-style'><\/span><\/span><\/div>\n<div class=\"flex_column av_one_full  flex_column_div av-zero-column-padding first  \" style='border-radius:0px; '><div class='avia-image-container  av-styling-   avia-align-center '  itemscope=\"itemscope\" itemtype=\"https:\/\/schema.org\/ImageObject\"  ><div class='avia-image-container-inner'><img class='avia_image ' src='https:\/\/abgluxurycar.com\/web\/wp-content\/uploads\/2020\/06\/collage-1.png' alt='' title=''   itemprop=\"thumbnailUrl\"  \/><\/div><\/div><\/div>\n<div style='height:100px' class='hr hr-invisible '><span class='hr-inner ' ><span class='hr-inner-style'><\/span><\/span><\/div>\n","protected":false},"excerpt":{"rendered":"","protected":false},"author":1,"featured_media":1958,"parent":0,"menu_order":0,"comment_status":"closed","ping_status":"closed","template":"","meta":{"_joinchat":[],"footnotes":""},"class_list":["post-1955","page","type-page","status-publish","has-post-thumbnail","hentry"],"jetpack_sharing_enabled":true,"_links":{"self":[{"href":"https:\/\/abgluxurycar.com\/web\/wp-json\/wp\/v2\/pages\/1955"}],"collection":[{"href":"https:\/\/abgluxurycar.com\/web\/wp-json\/wp\/v2\/pages"}],"about":[{"href":"https:\/\/abgluxurycar.com\/web\/wp-json\/wp\/v2\/types\/page"}],"author":[{"embeddable":true,"href":"https:\/\/abgluxurycar.com\/web\/wp-json\/wp\/v2\/users\/1"}],"replies":[{"embeddable":true,"href":"https:\/\/abgluxurycar.com\/web\/wp-json\/wp\/v2\/comments?post=1955"}],"version-history":[{"count":38,"href":"https:\/\/abgluxurycar.com\/web\/wp-json\/wp\/v2\/pages\/1955\/revisions"}],"predecessor-version":[{"id":4921,"href":"https:\/\/abgluxurycar.com\/web\/wp-json\/wp\/v2\/pages\/1955\/revisions\/4921"}],"wp:featuredmedia":[{"embeddable":true,"href":"https:\/\/abgluxurycar.com\/web\/wp-json\/wp\/v2\/media\/1958"}],"wp:attachment":[{"href":"https:\/\/abgluxurycar.com\/web\/wp-json\/wp\/v2\/media?parent=1955"}],"curies":[{"name":"wp","href":"https:\/\/api.w.org\/{rel}","templated":true}]}}