{"id":2296,"date":"2022-05-10T23:32:38","date_gmt":"2022-05-10T23:32:38","guid":{"rendered":"https:\/\/abgluxurycar.com\/web\/?page_id=2296"},"modified":"2022-05-10T23:34:37","modified_gmt":"2022-05-10T23:34:37","slug":"aviso-privacidad","status":"publish","type":"page","link":"https:\/\/abgluxurycar.com\/web\/aviso-privacidad\/","title":{"rendered":"Aviso de privacidad"},"content":{"rendered":"<p>abgluxurycar.com\/web respeta la privacidad de nuestros clientes y los usuarios de nuestro sitio web y ha establecido las pol\u00edticas y pr\u00e1cticas que se describen a continuaci\u00f3n para asegurar que su informaci\u00f3n personal es manejada de manera responsable. Nuestra pol\u00edtica de privacidad describe el tipo de informaci\u00f3n personal que podamos obtener de usted cuando visite nuestro sitio web, c\u00f3mo usamos esta informaci\u00f3n, y cuando la compartimos con terceros. La informaci\u00f3n en este sitio web y nuestra pol\u00edtica de privacidad est\u00e1n sujetas a cambios. Al usar nuestro sitio web, usted autoriza la recolecci\u00f3n y el uso de esta informaci\u00f3n por abgluxurycar.com\/web<\/p>\n<p>abgluxurycar.com\/web se compromete a asegurar la privacidad de la informaci\u00f3n personal obtenida a trav\u00e9s de sus servicios en l\u00ednea. No obstante, le sugerimos leer la normativa descrita a continuaci\u00f3n para entender el tratamiento de los datos proporcionados.<\/p>\n<p>Tipo de informaci\u00f3n<\/p>\n<p>Se recopilar\u00e1 la informaci\u00f3n de diferentes formas y desde distintas \u00e1reas del sitio www.abgluxurycar.com\/web Se sujetar\u00e1n a las normas de seguridad y privacidad todos aquellos datos personales que el usuario ingrese voluntariamente en dicha direcci\u00f3n electr\u00f3nica.<\/p>\n<p>Se solicitar\u00e1 informaci\u00f3n como:<\/p>\n<p>Nombre(s) y apellidos<br \/>\nCorreo electr\u00f3nico<br \/>\nDomicilio<br \/>\nTel\u00e9fono<br \/>\nDatos fiscales para elaboraci\u00f3n de facturas<\/p>\n<p>La informaci\u00f3n solicitada permitir\u00e1 contactar a los clientes cuando sea necesario. Los usuarios podr\u00e1n ser contactados por tel\u00e9fono o correo electr\u00f3nico en caso de que se requieran datos adicionales para completar alguna transacci\u00f3n.<\/p>\n<p>Uso de la informaci\u00f3n<\/p>\n<p>abgluxurycar.com\/web utiliza esta informaci\u00f3n para confirmar y procesar las transacciones de venta y mantener contacto con usted, responder preguntas sobre su pedido, o para responder a sus preguntas de servicio al cliente.<\/p>\n<p>abgluxurycar.com\/web tambi\u00e9n utiliza esta informaci\u00f3n para mejorar y personalizar su experiencia de compra, tanto en l\u00ednea como en las tiendas, para comunicarnos con usted para fines de marketing y de promoci\u00f3n dirigidas a trav\u00e9s de postales, mensajes telef\u00f3nicos, o correos electr\u00f3nicos personalizados, y para mejorar la efectividad de nuestros sitios web y actividades empresariales.<\/p>\n<p>Protecci\u00f3n<\/p>\n<p>La seguridad y la confidencialidad de los datos que los usuarios proporcionen al comprar un producto en l\u00ednea estar\u00e1n protegidos por un servidor seguro bajo el protocolo Secure Socket Layer (SSL), de tal forma que los datos enviados se transmitir\u00e1n encriptados para asegurar su resguardo.<\/p>\n<p>Para verificar que se encuentra en un entorno protegido aseg\u00farese de que aparezca una S en la barra de navegaci\u00f3n. Ejemplo: httpS:\/\/.<\/p>\n<p>Sin embargo, y a pesar de contar cada d\u00eda con herramientas m\u00e1s seguras, la protecci\u00f3n de los datos enviados a trav\u00e9s de Internet no se puede garantizar al 100%; por lo que una vez recibidos, se har\u00e1 todo lo posible por salvaguardar la informaci\u00f3n. abgluxurycar.com\/web enfoca sus esfuerzos en ofrecerle la mayor seguridad posible.<\/p>\n<p>Cookies<\/p>\n<p>Las cookies son peque\u00f1as piezas de informaci\u00f3n que son enviadas por el sitio web al navegador. Se almacenan en el disco duro de los equipos y utilizan para determinar las preferencias de los usuarios que acceden al sitio abgluxurycar.com\/web as\u00ed como para rastrear determinados comportamientos o actividades.<\/p>\n<p>Las cookies permiten reconocer a los usuarios, detectar el ancho de banda que han seleccionado, conocer la configuraci\u00f3n personal del sitio, identificar la informaci\u00f3n m\u00e1s destacada, calcular el tama\u00f1o de la audiencia y medir algunos par\u00e1metros de tr\u00e1fico.<\/p>\n<p>Puede negarse a aceptar cookies activando la configuraci\u00f3n en su navegador. No obstante, si selecciona esta configuraci\u00f3n, quiz\u00e1s no pueda acceder a determinadas partes del Sitio Web.<\/p>\n<p>Confidencialidad<\/p>\n<p>Cuando el usuario se encuentre en el sitio abgluxurycar.com\/web compartir\u00e1 su informaci\u00f3n con abgluxurycar.com\/web salvo que se especifique lo contrario.<\/p>\n<p>abgluxurycar.com\/web no tiene obligaci\u00f3n alguna de mantener confidencial cualquier otra informaci\u00f3n que el usuario proporcione por medio de boletines y pl\u00e1ticas en l\u00ednea (chats), as\u00ed como a trav\u00e9s de las cookies, lo anterior con base en los t\u00e9rminos establecidos en el art\u00edculo 109 de la Ley Federal del Derecho de Autor y del art\u00edculo 76 bis, fracci\u00f3n I, de la Ley Federal de Protecci\u00f3n al Consumidor.<\/p>\n<p>S\u00f3lo se podr\u00e1 difundir la informaci\u00f3n en casos especiales, como identificar, localizar o realizar acciones legales contra aquellas personas que infrinjan las condiciones de servicio del sitio web (www.abgluxurycar.com\/web), causen da\u00f1os a, o interfieran en, los derechos de abgluxurycar.com\/web, sus propiedades, de otros usuarios del portal o de cualquier persona que pudiese resultar perjudicada por dichas acciones.<\/p>\n<p>abgluxurycar.com\/web NO vender\u00e1, regalar\u00e1, facilitar\u00e1 ni alquilar\u00e1 informaci\u00f3n confidencial a terceros. Si el usuario no desea que sus datos sean compartidos, podr\u00e1 prescindir de un servicio determinado o abstenerse de participar en algunas promociones o concursos.<\/p>\n<p>abgluxurycar.com\/web NO compartir\u00e1 informaci\u00f3n confidencial con terceras partes, salvo expresa autorizaci\u00f3n de sus suscriptores o cuando por medio de una orden judicial se requiera para cumplir con ciertas disposiciones procesales.<\/p>\n<p>Modificaci\u00f3n y actualizaci\u00f3n<\/p>\n<p>Los datos personales proporcionados por usted formar\u00e1n parte de un archivo que contendr\u00e1 su perfil, el cual podr\u00e1 ser modificado por ustedes cualquier momento utilizando los datos de identificaci\u00f3n personal y contrase\u00f1as que tambi\u00e9n pueden ser modificados v\u00eda telef\u00f3nica o por correo electr\u00f3nico.<\/p>\n<p>Se aconseja a usted, como cliente, actualizar sus datos peri\u00f3dicamente. Asimismo, si participa en promociones v\u00eda correo electr\u00f3nico podr\u00e1 en cualquier momento desactivar este servicio.<\/p>\n<p>Modificaciones en las pol\u00edticas de privacidad<\/p>\n<p>abgluxurycar.com\/web se reserva el derecho de efectuar en cualquier momento, modificaciones en las presentes pol\u00edticas de privacidad y adaptarlas a novedades legislativas, jurisprudenciales, as\u00ed como a pr\u00e1cticas del mercado. Queda bajo responsabilidad del usuario leer peri\u00f3dicamente las pol\u00edticas de privacidad para estar al tanto de dichas modificaciones, las cuales al ser introducidas en el sitio web entrar\u00e1n autom\u00e1ticamente en vigor.<\/p>\n<p>Aceptaci\u00f3n de los t\u00e9rminos legales<\/p>\n<p>Esta declaraci\u00f3n de confidencialidad-privacidad est\u00e1 sujeta a los t\u00e9rminos y condiciones de abgluxurycar.com\/web lo cual constituye un acuerdo legal entre el usuario y abgluxurycar.com\/web<\/p>\n<p>Si el usuario utiliza los servicios de abgluxurycar.com\/web significa que ha le\u00eddo, entendido y acordado los t\u00e9rminos antes expuestos. (incluyendo, sin limitaci\u00f3n, cualquier contenido) ya sea por contrato, agravio, negligencia, estricta responsabilidad o cualquier otra forma se limita a la mayor (a) $ 500.00, o (b) el importe pagado para acceder al sitio en los tres (3) meses antes de la acumulaci\u00f3n de la demanda, en su caso.<\/p>\n<p>Condiciones adicionales y modificaciones a las condiciones<\/p>\n<p>abgluxurycar.com\/web podr\u00e1 en cualquier momento y cuando lo considere conveniente, sin necesidad de avisar al usuario, realizar correcciones, adiciones, mejoras o modificaciones al contenido, presentaci\u00f3n, informaci\u00f3n, servicios, bases de datos y dem\u00e1s elementos del dicho sitio, sin que ello de lugar o derecho a ninguna reclamaci\u00f3n o indemnizaci\u00f3n o que implique reconocimiento de responsabilidad a favor del usuario. El usuario es responsable de revisar regularmente las condiciones actuales.<\/p>\n<p>Legislaci\u00f3n y jurisdicci\u00f3n<\/p>\n<p>Estas condiciones est\u00e1n sujetas y ser\u00e1n interpretadas de acuerdo con las leyes y ante los tribunales de la Ciudad de Guadalajara, M\u00e9xico.<\/p>\n","protected":false},"excerpt":{"rendered":"<p>abgluxurycar.com\/web respeta la privacidad de nuestros clientes y los usuarios de nuestro sitio web y ha establecido las pol\u00edticas y pr\u00e1cticas que se describen a continuaci\u00f3n para asegurar que su informaci\u00f3n personal es manejada de manera responsable. Nuestra pol\u00edtica de privacidad describe el tipo de informaci\u00f3n personal que podamos obtener de usted cuando visite nuestro [&hellip;]<\/p>\n","protected":false},"author":1,"featured_media":0,"parent":0,"menu_order":0,"comment_status":"closed","ping_status":"closed","template":"","meta":{"_joinchat":[],"footnotes":""},"class_list":["post-2296","page","type-page","status-publish","hentry"],"jetpack_sharing_enabled":true,"_links":{"self":[{"href":"https:\/\/abgluxurycar.com\/web\/wp-json\/wp\/v2\/pages\/2296"}],"collection":[{"href":"https:\/\/abgluxurycar.com\/web\/wp-json\/wp\/v2\/pages"}],"about":[{"href":"https:\/\/abgluxurycar.com\/web\/wp-json\/wp\/v2\/types\/page"}],"author":[{"embeddable":true,"href":"https:\/\/abgluxurycar.com\/web\/wp-json\/wp\/v2\/users\/1"}],"replies":[{"embeddable":true,"href":"https:\/\/abgluxurycar.com\/web\/wp-json\/wp\/v2\/comments?post=2296"}],"version-history":[{"count":3,"href":"https:\/\/abgluxurycar.com\/web\/wp-json\/wp\/v2\/pages\/2296\/revisions"}],"predecessor-version":[{"id":4917,"href":"https:\/\/abgluxurycar.com\/web\/wp-json\/wp\/v2\/pages\/2296\/revisions\/4917"}],"wp:attachment":[{"href":"https:\/\/abgluxurycar.com\/web\/wp-json\/wp\/v2\/media?parent=2296"}],"curies":[{"name":"wp","href":"https:\/\/api.w.org\/{rel}","templated":true}]}}