{"id":4004,"date":"2024-02-28T16:05:01","date_gmt":"2024-02-28T16:05:01","guid":{"rendered":"https:\/\/abgluxurycar.com\/web\/?page_id=4004"},"modified":"2024-03-12T03:15:42","modified_gmt":"2024-03-12T03:15:42","slug":"nosotros","status":"publish","type":"page","link":"https:\/\/abgluxurycar.com\/web\/nosotros\/","title":{"rendered":"Nosotros"},"content":{"rendered":"<div style='height:50px' class='hr hr-invisible '><span class='hr-inner ' ><span class='hr-inner-style'><\/span><\/span><\/div>\n<\/div><\/div><\/div><!-- close content main div --><\/div><\/div><div id='av-layout-grid-1' class='av-layout-grid-container entry-content-wrapper main_color av-flex-cells  container_wrap fullsize'   >\n<div class=\"flex_cell no_margin av_one_half   \" ><div class='flex_cell_inner' ><p><div class=\"flex_column av_one_half  flex_column_div av-zero-column-padding first  \" style='border-radius:0px; '><\/div><div class=\"flex_column av_one_half  flex_column_div av-zero-column-padding   \" style='border-radius:0px; '><p><div style='padding-bottom:20px;color:#9e2121;' class='av-special-heading av-special-heading-h1 custom-color-heading  '><h1 class='av-special-heading-tag'  itemprop=\"headline\"  >NOSOTROS<\/h1><div class='special-heading-border'><div class='special-heading-inner-border' style='border-color:#9e2121'><\/div><\/div><\/div><br \/>\n<section class=\"av_textblock_section\"  itemscope=\"itemscope\" itemtype=\"https:\/\/schema.org\/CreativeWork\" ><div class='avia_textblock '   itemprop=\"text\" ><p>Con una presencia destacada en la escena automotriz de Guadalajara, nos enorgullece ofrecer una experiencia de compra \u00fanica, respaldada por un equipo de expertos apasionados y una colecci\u00f3n exclusiva de m\u00e1s de 30 autos de lujo. Desde elegantes sedanes hasta potentes deportivos, cada veh\u00edculo en nuestro inventario ha sido cuidadosamente seleccionado para encarnar la excelencia en dise\u00f1o, rendimiento y distinci\u00f3n. M\u00e1s all\u00e1 de ser una concesionaria, somos creadores de experiencias, brindando asesoramiento personalizado, financiamiento exclusivo y servicios de mantenimiento especializado para garantizar que cada cliente viva la esencia del lujo automotriz con ABG Luxury Car Guadalajara.<\/p>\n<\/div><\/section><\/p><\/div><\/p>\n<\/div><\/div><div class=\"flex_cell no_margin av_one_half   \" ><div class='flex_cell_inner' ><div class=\"flex_column av_three_fifth  flex_column_div av-zero-column-padding first  \" style='border-radius:0px; '><div  class='avia-video avia-video-16-9  '  itemprop=\"video\" itemtype=\"https:\/\/schema.org\/VideoObject\" ><div class='avia-iframe-wrap'><iframe loading=\"lazy\" title=\"ABG Luxury Car Galeria\" width=\"1500\" height=\"844\" src=\"https:\/\/www.youtube.com\/embed\/-vO-yIQTozo?feature=oembed\" frameborder=\"0\" allow=\"accelerometer; autoplay; clipboard-write; encrypted-media; gyroscope; picture-in-picture; web-share\" allowfullscreen><\/iframe><\/div><\/div><\/div>\n<\/div><\/div><\/div><div class=\"flex_column av_one_full  flex_column_div av-zero-column-padding first  \" style='border-radius:0px; '><div class='avia-image-container  av-styling-   avia-align-center '  itemscope=\"itemscope\" itemtype=\"https:\/\/schema.org\/ImageObject\"  ><div class='avia-image-container-inner'><img class='avia_image ' src='https:\/\/abgluxurycar.com\/web\/wp-content\/uploads\/2020\/06\/collage-4.png' alt='' title=''   itemprop=\"thumbnailUrl\"  \/><\/div><\/div><\/div><\/p>\n<div style='height:150px' class='hr hr-invisible '><span class='hr-inner ' ><span class='hr-inner-style'><\/span><\/span><\/div>\n<div class=\"flex_column av_one_fifth  flex_column_div av-zero-column-padding first  \" style='border-radius:0px; '><\/div>\n<div class=\"flex_column av_three_fifth  flex_column_div av-zero-column-padding   \" style='border-radius:0px; '><p><div style='padding-bottom:20px;' class='av-special-heading av-special-heading-h1  blockquote modern-quote modern-centered '><h1 class='av-special-heading-tag'  itemprop=\"headline\"  >NUESTRA MISI\u00d3N<\/h1><div class='special-heading-border'><div class='special-heading-inner-border' ><\/div><\/div><\/div><br \/>\n<div style=' margin-top:10px; margin-bottom:30px;'  class='hr hr-custom hr-center hr-icon-no '><span class='hr-inner   inner-border-av-border-fat' style=' width:250px; border-color:#b52929;' ><span class='hr-inner-style'><\/span><\/span><\/div><br \/>\n<section class=\"av_textblock_section\"  itemscope=\"itemscope\" itemtype=\"https:\/\/schema.org\/CreativeWork\" ><div class='avia_textblock '   itemprop=\"text\" ><p>Nuestra misi\u00f3n es trascender la mera transacci\u00f3n de veh\u00edculos para ofrecer un estilo de vida automotriz exclusivo, respaldado por una atenci\u00f3n al cliente impecable y eventos exclusivos que conectan a la comunidad de entusiastas del lujo. Descubre la fusi\u00f3n perfecta entre elegancia y rendimiento con ABG Luxury Car Guadalajara, donde cada autom\u00f3vil cuenta una historia de distinci\u00f3n y cada cliente se convierte en parte esencial de nuestra apasionada familia automotriz.<\/p>\n<\/div><\/section><\/p><\/div>\n<div class=\"flex_column av_one_fifth  flex_column_div av-zero-column-padding   \" style='border-radius:0px; '><\/div>\n<\/div><\/div><\/div><!-- close content main div --><\/div><\/div><div id='av-layout-grid-2' class='av-layout-grid-container entry-content-wrapper main_color av-flex-cells  container_wrap fullsize'   >\n<div class=\"flex_cell no_margin av_one_half   \" ><div class='flex_cell_inner' ><p><div class=\"flex_column av_one_half  flex_column_div av-zero-column-padding first  \" style='border-radius:0px; '><\/div><div class=\"flex_column av_one_half  flex_column_div av-zero-column-padding   \" style='border-radius:0px; '><div  class='avia-video avia-video-16-9  '  itemprop=\"video\" itemtype=\"https:\/\/schema.org\/VideoObject\" ><div class='avia-iframe-wrap'><iframe loading=\"lazy\" title=\"ABG Luxury Car Galeria - Servicio de Consignaci\u00f3n\" width=\"1500\" height=\"844\" src=\"https:\/\/www.youtube.com\/embed\/q0Gcpr9k_TY?feature=oembed\" frameborder=\"0\" allow=\"accelerometer; autoplay; clipboard-write; encrypted-media; gyroscope; picture-in-picture; web-share\" allowfullscreen><\/iframe><\/div><\/div><\/div><\/p>\n<\/div><\/div><div class=\"flex_cell no_margin av_one_half   \" ><div class='flex_cell_inner' ><div class=\"flex_column av_one_half  flex_column_div av-zero-column-padding first  \" style='border-radius:0px; '><div  class='avia-video avia-video-16-9  '  itemprop=\"video\" itemtype=\"https:\/\/schema.org\/VideoObject\" ><div class='avia-iframe-wrap'><iframe loading=\"lazy\" title=\"ABG Luxury Car Galeria - Servicios\" width=\"1500\" height=\"844\" src=\"https:\/\/www.youtube.com\/embed\/BwhBKt2x0wI?feature=oembed\" frameborder=\"0\" allow=\"accelerometer; autoplay; clipboard-write; encrypted-media; gyroscope; picture-in-picture; web-share\" allowfullscreen><\/iframe><\/div><\/div><\/div>\n<\/div><\/div>\n<\/div>\n<div style='height:100px' class='hr hr-invisible '><span class='hr-inner ' ><span class='hr-inner-style'><\/span><\/span><\/div>\n","protected":false},"excerpt":{"rendered":"","protected":false},"author":1,"featured_media":0,"parent":0,"menu_order":0,"comment_status":"closed","ping_status":"closed","template":"","meta":{"_joinchat":[],"footnotes":""},"class_list":["post-4004","page","type-page","status-publish","hentry"],"jetpack_sharing_enabled":true,"_links":{"self":[{"href":"https:\/\/abgluxurycar.com\/web\/wp-json\/wp\/v2\/pages\/4004"}],"collection":[{"href":"https:\/\/abgluxurycar.com\/web\/wp-json\/wp\/v2\/pages"}],"about":[{"href":"https:\/\/abgluxurycar.com\/web\/wp-json\/wp\/v2\/types\/page"}],"author":[{"embeddable":true,"href":"https:\/\/abgluxurycar.com\/web\/wp-json\/wp\/v2\/users\/1"}],"replies":[{"embeddable":true,"href":"https:\/\/abgluxurycar.com\/web\/wp-json\/wp\/v2\/comments?post=4004"}],"version-history":[{"count":19,"href":"https:\/\/abgluxurycar.com\/web\/wp-json\/wp\/v2\/pages\/4004\/revisions"}],"predecessor-version":[{"id":5420,"href":"https:\/\/abgluxurycar.com\/web\/wp-json\/wp\/v2\/pages\/4004\/revisions\/5420"}],"wp:attachment":[{"href":"https:\/\/abgluxurycar.com\/web\/wp-json\/wp\/v2\/media?parent=4004"}],"curies":[{"name":"wp","href":"https:\/\/api.w.org\/{rel}","templated":true}]}}