{"id":4071,"date":"2024-02-28T17:21:58","date_gmt":"2024-02-28T17:21:58","guid":{"rendered":"https:\/\/abgluxurycar.com\/web\/?page_id=4071"},"modified":"2024-04-04T19:44:06","modified_gmt":"2024-04-04T19:44:06","slug":"consignacion","status":"publish","type":"page","link":"https:\/\/abgluxurycar.com\/web\/consignacion\/","title":{"rendered":"Consignaci\u00f3n"},"content":{"rendered":"<div style='height:100px' class='hr hr-invisible '><span class='hr-inner ' ><span class='hr-inner-style'><\/span><\/span><\/div>\n<\/div><\/div><\/div><!-- close content main div --><\/div><\/div><div id='av-layout-grid-1' class='av-layout-grid-container entry-content-wrapper main_color av-flex-cells  container_wrap fullsize'   >\n<div class=\"flex_cell no_margin av_one_half   \" ><div class='flex_cell_inner' ><p><div class=\"flex_column av_one_half  flex_column_div av-zero-column-padding first  \" style='border-radius:0px; '><\/div><div class=\"flex_column av_one_half  flex_column_div av-zero-column-padding   \" style='border-radius:0px; '><div class='avia-image-container  av-styling-   avia-align-center '  itemscope=\"itemscope\" itemtype=\"https:\/\/schema.org\/ImageObject\"  ><div class='avia-image-container-inner'><img class='avia_image ' src='https:\/\/abgluxurycar.com\/web\/wp-content\/uploads\/2024\/02\/abg-1-687x1030-1.jpeg' alt='' title='abg-1-687x1030'   itemprop=\"thumbnailUrl\"  \/><\/div><\/div><\/div><\/p>\n<\/div><\/div><div class=\"flex_cell no_margin av_one_half   \" ><div class='flex_cell_inner' ><div class=\"flex_column av_three_fifth  flex_column_div av-zero-column-padding first  \" style='border-radius:0px; '><p><div style='height:20px' class='hr hr-invisible '><span class='hr-inner ' ><span class='hr-inner-style'><\/span><\/span><\/div><br \/>\n<div style='padding-bottom:10px;' class='av-special-heading av-special-heading-h1  blockquote modern-quote  '><h1 class='av-special-heading-tag'  itemprop=\"headline\"  >EL ESPACIO IDEAL PARA VENDER TU AUTO<\/h1><div class='special-heading-border'><div class='special-heading-inner-border' ><\/div><\/div><\/div><br \/>\n<div style=' margin-top:20px; margin-bottom:30px;'  class='hr hr-custom hr-center hr-icon-no '><span class='hr-inner   inner-border-av-border-fat' style=' width:250px; border-color:#af2a2a;' ><span class='hr-inner-style'><\/span><\/span><\/div><br \/>\n<section class=\"av_textblock_section\"  itemscope=\"itemscope\" itemtype=\"https:\/\/schema.org\/CreativeWork\" ><div class='avia_textblock '   itemprop=\"text\" ><p>Conf\u00eda en ABG Luxury Car para la consignaci\u00f3n de tu auto de lujo. Nos encargamos del cuidado integral de tu veh\u00edculo mientras est\u00e1 en exhibici\u00f3n, realizamos los tr\u00e1mites legales necesarios, y contamos con un equipo experto en publicidad y promoci\u00f3n. Con nosotros, tu auto ser\u00e1 expuesto todo el tiempo que sea necesario hasta encontrar al cliente ideal.<\/p>\n<\/div><\/section><br \/>\n<div style='height:20px' class='hr hr-invisible '><span class='hr-inner ' ><span class='hr-inner-style'><\/span><\/span><\/div><br \/>\n<section class=\"av_textblock_section\"  itemscope=\"itemscope\" itemtype=\"https:\/\/schema.org\/CreativeWork\" ><div class='avia_textblock '   itemprop=\"text\" ><ul>\n<li><strong>Cuidado Integral del Veh\u00edculo:<\/strong>Garantizamos un cuidado al 100% mientras tu auto est\u00e1 en exhibici\u00f3n con nosotros.<\/li>\n<li><strong>Exhibici\u00f3n Continua: <\/strong>Tu autom\u00f3vil ser\u00e1 exhibido durante todo el tiempo necesario para encontrar al cliente ideal.<\/li>\n<li><strong>Tr\u00e1mites Legales: <\/strong>Nos encargamos de realizar todos los tr\u00e1mites legales necesarios para la venta del veh\u00edculo.<\/li>\n<li><strong>Publicidad y Promoci\u00f3n Eficientes:<\/strong> Contamos con un equipo especializado en publicidad y utilizamos los medios digitales m\u00e1s eficientes para la difusi\u00f3n.<\/li>\n<li><strong>Asesoramiento Profesional:<\/strong> Nuestro equipo de asesores est\u00e1 preparado para brindar el mejor asesoramiento durante todo el proceso.<\/li>\n<li><strong>Devoluci\u00f3n sin Costo:<\/strong> En caso de que la venta no se concrete, te devolvemos tu veh\u00edculo sin costo.<\/li>\n<li><strong>Reserva de Derecho de Admisi\u00f3n por Modelo:<\/strong> Nos reservamos el derecho de admisi\u00f3n seg\u00fan modelo de autom\u00f3vil.<\/li>\n<li><strong>T\u00e9rminos y Condiciones Transparentes:<\/strong> Consulta los t\u00e9rminos y condiciones disponibles para obtener informaci\u00f3n detallada.<\/li>\n<\/ul>\n<\/div><\/section><\/p><\/div>\n<\/div><\/div>\n<\/div>\n<div style='height:50px' class='hr hr-invisible '><span class='hr-inner ' ><span class='hr-inner-style'><\/span><\/span><\/div>\n<div  data-size='featured_large'  data-lightbox_size='large'  data-animation='slide'  data-ids='667,668,666,665,664'  data-video_counter='0'  data-autoplay='true'  data-bg_slider='false'  data-slide_height=''  data-handle='av_slideshow'  data-interval='8'  data-class=''  data-css_id=''  data-scroll_down=''  data-control_layout='av-control-default'  data-custom_markup=''  data-perma_caption=''  data-autoplay_stopper=''  data-image_attachment=''  data-min_height='0px'  data-default-height='42'  class='avia-slideshow avia-slideshow-1  av-control-default av-default-height-applied avia-slideshow-featured_large av_slideshow  avia-slide-slider '  itemscope=\"itemscope\" itemtype=\"https:\/\/schema.org\/ImageObject\" ><ul class='avia-slideshow-inner' style='padding-bottom: 42%;'><\/ul><\/div>\n<div style='height:50px' class='hr hr-invisible '><span class='hr-inner ' ><span class='hr-inner-style'><\/span><\/span><\/div>\n<div class=\"flex_column av_one_fifth  flex_column_div av-zero-column-padding first  \" style='border-radius:0px; '><\/div>\n<div class=\"flex_column av_three_fifth  flex_column_div av-zero-column-padding   \" style='border-radius:0px; '><p><div style=' margin-top:20px; margin-bottom:30px;'  class='hr hr-custom hr-center hr-icon-no '><span class='hr-inner   inner-border-av-border-fat' style=' width:500px; border-color:#af2a2a;' ><span class='hr-inner-style'><\/span><\/span><\/div><br \/>\n<div style='padding-bottom:10px;' class='av-special-heading av-special-heading-h1  blockquote modern-quote modern-centered  '><h1 class='av-special-heading-tag'  itemprop=\"headline\"  >DEJA TUS DATOS Y NOS PONDREMOS EN CONTACTO<\/h1><div class='special-heading-border'><div class='special-heading-inner-border' ><\/div><\/div><\/div><br \/>\n<div style='height:20px' class='hr hr-invisible '><span class='hr-inner ' ><span class='hr-inner-style'><\/span><\/span><\/div><br \/>\n<section class=\"av_textblock_section\"  itemscope=\"itemscope\" itemtype=\"https:\/\/schema.org\/CreativeWork\" ><div class='avia_textblock '   itemprop=\"text\" ><p style=\"text-align: center;\">Cont\u00e1ctanos y deja tu veh\u00edculo en las mejores manos, con la garant\u00eda de devoluci\u00f3n sin costo si la venta no se concreta. Sujeto a disponibilidad de espacio y t\u00e9rminos y condiciones. \u00a1Conf\u00eda en nosotros para asegurar el futuro que esperas para tu autom\u00f3vil!<\/p>\n<\/div><\/section><br \/>\n<div style='height:20px' class='hr hr-invisible '><span class='hr-inner ' ><span class='hr-inner-style'><\/span><\/span><\/div><br \/>\n<form action=\"https:\/\/abgluxurycar.com\/web\/consignacion\/\" method=\"post\"  class=\"avia_ajax_form av-form-labels-visible   \" data-avia-form-id=\"1\" data-avia-redirect=''><fieldset><p class=' first_form  form_element form_fullwidth' id='element_avia_1_1'><label for=\"avia_1_1\">Nombre <abbr class=\"required\" title=\"required\">*<\/abbr><\/label> <input name=\"avia_1_1\" class=\"text_input is_empty\" type=\"text\" id=\"avia_1_1\" value=\"\" \/><\/p><p class=' first_form  form_element form_element_half' id='element_avia_2_1'><label for=\"avia_2_1\">Correo electr\u00f3nico <abbr class=\"required\" title=\"required\">*<\/abbr><\/label> <input name=\"avia_2_1\" class=\"text_input is_email\" type=\"text\" id=\"avia_2_1\" value=\"\" \/><\/p><p class=' form_element form_element_half' id='element_avia_3_1'><label for=\"avia_3_1\">Tel\u00e9fono <abbr class=\"required\" title=\"required\">*<\/abbr><\/label> <input name=\"avia_3_1\" class=\"text_input is_phone\" type=\"text\" id=\"avia_3_1\" value=\"\" \/><\/p><p class=' first_form  form_element form_fullwidth av-last-visible-form-element' id='element_avia_4_1'>\t <label for=\"avia_4_1\" class=\"textare_label hidden textare_label_avia_4_1\">Mensaje <abbr class=\"required\" title=\"required\">*<\/abbr><\/label>\t <textarea  name=\"avia_4_1\" class=\"text_area is_empty\" cols=\"40\" rows=\"7\" id=\"avia_4_1\" ><\/textarea><\/p><p class=\"hidden\"><input type=\"text\" name=\"avia_5_1\" class=\"hidden \" id=\"avia_5_1\" value=\"\" \/><\/p><p class=\"form_element \"><input type=\"hidden\" value=\"1\" name=\"avia_generated_form1\" \/><input type=\"submit\" value=\"Enviar\" class=\"button\"  data-sending-label=\"Enviando\"\/><\/p><\/fieldset><\/form><div id=\"ajaxresponse_1\" class=\"ajaxresponse ajaxresponse_1 hidden\"><\/div><\/p><\/div><div class=\"flex_column av_one_fifth  flex_column_div av-zero-column-padding   \" style='border-radius:0px; '><\/div><\/p>\n","protected":false},"excerpt":{"rendered":"","protected":false},"author":1,"featured_media":0,"parent":0,"menu_order":0,"comment_status":"closed","ping_status":"closed","template":"","meta":{"_joinchat":[],"footnotes":""},"class_list":["post-4071","page","type-page","status-publish","hentry"],"jetpack_sharing_enabled":true,"_links":{"self":[{"href":"https:\/\/abgluxurycar.com\/web\/wp-json\/wp\/v2\/pages\/4071"}],"collection":[{"href":"https:\/\/abgluxurycar.com\/web\/wp-json\/wp\/v2\/pages"}],"about":[{"href":"https:\/\/abgluxurycar.com\/web\/wp-json\/wp\/v2\/types\/page"}],"author":[{"embeddable":true,"href":"https:\/\/abgluxurycar.com\/web\/wp-json\/wp\/v2\/users\/1"}],"replies":[{"embeddable":true,"href":"https:\/\/abgluxurycar.com\/web\/wp-json\/wp\/v2\/comments?post=4071"}],"version-history":[{"count":23,"href":"https:\/\/abgluxurycar.com\/web\/wp-json\/wp\/v2\/pages\/4071\/revisions"}],"predecessor-version":[{"id":4930,"href":"https:\/\/abgluxurycar.com\/web\/wp-json\/wp\/v2\/pages\/4071\/revisions\/4930"}],"wp:attachment":[{"href":"https:\/\/abgluxurycar.com\/web\/wp-json\/wp\/v2\/media?parent=4071"}],"curies":[{"name":"wp","href":"https:\/\/api.w.org\/{rel}","templated":true}]}}